{"id":37,"date":"2015-05-09T20:15:54","date_gmt":"2015-05-09T18:15:54","guid":{"rendered":"http:\/\/www.windmueller-s.de\/?page_id=37"},"modified":"2025-08-08T21:00:35","modified_gmt":"2025-08-08T19:00:35","slug":"impressum","status":"publish","type":"page","link":"https:\/\/windmueller-s.de\/?page_id=37","title":{"rendered":"Impressum"},"content":{"rendered":"<p>&nbsp;<\/p>\n<p>Verantwortlich f\u00fcr diese Website:<\/p>\n<p><a href=\"https:\/\/windmueller-s.de\/wp-content\/uploads\/2015\/05\/Sonja-e1456786899242.jpg\"><img loading=\"lazy\" decoding=\"async\" class=\"  wp-image-437 alignnone\" src=\"https:\/\/windmueller-s.de\/wp-content\/uploads\/2015\/05\/Sonja-e1456786899242.jpg\" alt=\"Sonja\" width=\"202\" height=\"155\" \/><\/a><\/p>\n<p>Dr. Sonja Windm\u00fcller<\/p>\n<p>20253 Hamburg<\/p>\n<p>sonja.windmueller@t-online.de<\/p>\n<p>&nbsp;<\/p>\n<p style=\"text-align: justify;\"><a href=\"https:\/\/windmueller-s.de\/wp-content\/uploads\/2020\/03\/RIMG1095-e1585436093976.jpg\"><img loading=\"lazy\" decoding=\"async\" class=\"alignleft wp-image-655 \" src=\"https:\/\/windmueller-s.de\/wp-content\/uploads\/2020\/03\/RIMG1095-e1591970588667-300x211.jpg\" alt=\" \" width=\"197\" height=\"280\" \/><\/a>Haftungsausschluss:<br \/>\nBei der Erstellung und Pflege der Inhalte dieser Website wird gr\u00f6\u00dftm\u00f6gliche Sorgfalt angewandt. Dennoch sind Fehler und Irrt\u00fcmer nicht auszuschlie\u00dfen, f\u00fcr die keine Haftung \u00fcbernommen wird. Hinweise und Korrekturen senden Sie bitte an die oben stehende Kontaktadresse.<br \/>\nDie Website enth\u00e4lt Links auf externe Seiten. Auf diese Seiten hat die Website-Betreiberin keinen Einfluss und \u00fcbernimmt keine Haftung f\u00fcr deren Inhalte und Gestaltung.<\/p>\n","protected":false},"excerpt":{"rendered":"<p>&nbsp; Verantwortlich f\u00fcr diese Website: Dr. Sonja Windm\u00fcller 20253 Hamburg sonja.windmueller@t-online.de &nbsp; Haftungsausschluss: Bei der Erstellung und Pflege der Inhalte dieser Website wird gr\u00f6\u00dftm\u00f6gliche Sorgfalt angewandt. Dennoch sind Fehler und Irrt\u00fcmer nicht auszuschlie\u00dfen, f\u00fcr die keine Haftung \u00fcbernommen wird. Hinweise und Korrekturen senden Sie bitte an die oben stehende Kontaktadresse. Die Website enth\u00e4lt Links auf&#8230;<\/p>\n","protected":false},"author":1,"featured_media":0,"parent":0,"menu_order":40,"comment_status":"closed","ping_status":"open","template":"","meta":{"footnotes":""},"class_list":["post-37","page","type-page","status-publish","hentry"],"_links":{"self":[{"href":"https:\/\/windmueller-s.de\/index.php?rest_route=\/wp\/v2\/pages\/37","targetHints":{"allow":["GET"]}}],"collection":[{"href":"https:\/\/windmueller-s.de\/index.php?rest_route=\/wp\/v2\/pages"}],"about":[{"href":"https:\/\/windmueller-s.de\/index.php?rest_route=\/wp\/v2\/types\/page"}],"author":[{"embeddable":true,"href":"https:\/\/windmueller-s.de\/index.php?rest_route=\/wp\/v2\/users\/1"}],"replies":[{"embeddable":true,"href":"https:\/\/windmueller-s.de\/index.php?rest_route=%2Fwp%2Fv2%2Fcomments&post=37"}],"version-history":[{"count":25,"href":"https:\/\/windmueller-s.de\/index.php?rest_route=\/wp\/v2\/pages\/37\/revisions"}],"predecessor-version":[{"id":823,"href":"https:\/\/windmueller-s.de\/index.php?rest_route=\/wp\/v2\/pages\/37\/revisions\/823"}],"wp:attachment":[{"href":"https:\/\/windmueller-s.de\/index.php?rest_route=%2Fwp%2Fv2%2Fmedia&parent=37"}],"curies":[{"name":"wp","href":"https:\/\/api.w.org\/{rel}","templated":true}]}}